{"id":105,"date":"2014-09-16T16:16:59","date_gmt":"2014-09-16T16:16:59","guid":{"rendered":"http:\/\/pivotwp.wpengine.com\/?page_id=105"},"modified":"2019-08-29T15:59:06","modified_gmt":"2019-08-29T18:59:06","slug":"home-classic","status":"publish","type":"page","link":"https:\/\/www.terrarica.net\/site\/","title":{"rendered":"Home &#8211; Classic"},"content":{"rendered":"<div class=\"row\"><div id=\"aq-block-116-1\" class=\"aq-block aq-block-aq_slider_block col-sm-12 aq-first aq-last \">\t\t\n\t\t<div class=\"image-slider image-gallery\">\n\t\t\t<ul class=\"slides\">\n\t\t\t\t<li><img width=\"1600\" height=\"566\" src=\"https:\/\/www.terrarica.net\/site\/wp-content\/uploads\/2024\/09\/l0ctzh.jpeg\" class=\"attachment-full size-full\" alt=\"\" loading=\"lazy\" srcset=\"https:\/\/www.terrarica.net\/site\/wp-content\/uploads\/2024\/09\/l0ctzh.jpeg 1600w, https:\/\/www.terrarica.net\/site\/wp-content\/uploads\/2024\/09\/l0ctzh-300x106.jpeg 300w, https:\/\/www.terrarica.net\/site\/wp-content\/uploads\/2024\/09\/l0ctzh-1024x362.jpeg 1024w, https:\/\/www.terrarica.net\/site\/wp-content\/uploads\/2024\/09\/l0ctzh-768x272.jpeg 768w, https:\/\/www.terrarica.net\/site\/wp-content\/uploads\/2024\/09\/l0ctzh-1536x543.jpeg 1536w\" sizes=\"(max-width: 1600px) 100vw, 1600px\" \/><\/li><li><img width=\"1600\" height=\"566\" src=\"https:\/\/www.terrarica.net\/site\/wp-content\/uploads\/2024\/09\/z4t789.jpeg\" class=\"attachment-full size-full\" alt=\"\" loading=\"lazy\" srcset=\"https:\/\/www.terrarica.net\/site\/wp-content\/uploads\/2024\/09\/z4t789.jpeg 1600w, https:\/\/www.terrarica.net\/site\/wp-content\/uploads\/2024\/09\/z4t789-300x106.jpeg 300w, https:\/\/www.terrarica.net\/site\/wp-content\/uploads\/2024\/09\/z4t789-1024x362.jpeg 1024w, https:\/\/www.terrarica.net\/site\/wp-content\/uploads\/2024\/09\/z4t789-768x272.jpeg 768w, https:\/\/www.terrarica.net\/site\/wp-content\/uploads\/2024\/09\/z4t789-1536x543.jpeg 1536w\" sizes=\"(max-width: 1600px) 100vw, 1600px\" \/><\/li><li><img width=\"1600\" height=\"566\" src=\"https:\/\/www.terrarica.net\/site\/wp-content\/uploads\/2024\/09\/terrarica.jpeg\" class=\"attachment-full size-full\" alt=\"\" loading=\"lazy\" srcset=\"https:\/\/www.terrarica.net\/site\/wp-content\/uploads\/2024\/09\/terrarica.jpeg 1600w, https:\/\/www.terrarica.net\/site\/wp-content\/uploads\/2024\/09\/terrarica-300x106.jpeg 300w, https:\/\/www.terrarica.net\/site\/wp-content\/uploads\/2024\/09\/terrarica-1024x362.jpeg 1024w, https:\/\/www.terrarica.net\/site\/wp-content\/uploads\/2024\/09\/terrarica-768x272.jpeg 768w, https:\/\/www.terrarica.net\/site\/wp-content\/uploads\/2024\/09\/terrarica-1536x543.jpeg 1536w\" sizes=\"(max-width: 1600px) 100vw, 1600px\" \/><\/li>\t\t\t<\/ul>\n\t\t<\/div>\n\t\t\n\t<\/div><a href=\"#\" id=\"intro\" class=\"in-page-link\"><\/a><section class=\"aq-block light-wrapper\"><div class=\"container\"><div class=\"row\"><div id=\"aq-block-116-3\" class=\"aq-block aq-block-aq_spacer_block col-sm-12 aq-first aq-last \">\t\t\n\t\t<div style=\"clear: both; width: 100%; height: 50px;\"><\/div>\n\t\n\t<\/div><div id=\"aq-block-116-4\" class=\"aq-block aq-block-aq_ebor_text_block col-sm-12 aq-first aq-last \"><div class=\"feature\"><h2 style=\"text-align: center;\">Nos siga nas Redes Sociais:<\/h2>\n<\/div><\/div><div id=\"aq-block-116-5\" class=\"aq-block aq-block-aq_spacer_block col-sm-12 aq-first aq-last \">\t\t\n\t\t<div style=\"clear: both; width: 100%; height: 10px;\"><\/div>\n\t\n\t<\/div><div id=\"aq-block-116-6\" class=\"aq-block aq-block-aq_ebor_text_block col-sm-6 aq-first \"><div class=\"feature\"><p><a href=\"https:\/\/www.instagram.com\/terraricanet\/\" target=\"_blank\" rel=\"noopener\"><img class=\"alignright wp-image-1226 size-full\" src=\"https:\/\/www.terrarica.net\/site\/wp-content\/uploads\/2024\/04\/Instagram-Icon-1.png\" alt=\"\" width=\"50\" height=\"50\" \/><\/a><\/p>\n<\/div><\/div><div id=\"aq-block-116-7\" class=\"aq-block aq-block-aq_ebor_text_block col-sm-6  aq-last \"><div class=\"feature\"><p><a href=\"https:\/\/www.facebook.com\/terraricanet\" target=\"_blank\" rel=\"noopener\"><img class=\"wp-image-1227 size-full alignleft\" src=\"https:\/\/www.terrarica.net\/site\/wp-content\/uploads\/2024\/04\/124010-1.png\" alt=\"\" width=\"50\" height=\"50\" \/><\/a><\/p>\n<\/div><\/div><div id=\"aq-block-116-8\" class=\"aq-block aq-block-aq_spacer_block col-sm-12 aq-first aq-last \">\t\t\n\t\t<div style=\"clear: both; width: 100%; height: 25px;\"><\/div>\n\t\t<hr class=\"none\" \/>\n\t\t<div style=\"clear: both; width: 100%; height: 25px;\"><\/div>\n\t\n\t<\/div><div id=\"aq-block-116-9\" class=\"aq-block aq-block-aq_ebor_text_block col-sm-6 aq-first \"><div class=\"feature\"><h5><br><br>Servi\u00e7o de QUALIDADE<\/h5><h1>IDEAL PARA VOC\u00ca que exige o melhor sem perder dinheiro!<br \/>Alcan\u00e7ada com os investimentos constantes em equipamentos e capacita\u00e7\u00e3o. Planos que adequem ao seu perfil online de trabalho, games, musicas e streaming.<\/h1>\n<\/div><\/div><div id=\"aq-block-116-10\" class=\"aq-block aq-block-aq_image_block col-sm-6  aq-last \">\t\t\n\t\t<div class=\"text-center\">\n\t\t\n\t\t\t\t\t\t\n\t\t\t\t\t<img src=\"https:\/\/www.terrarica.net\/site\/wp-content\/uploads\/2024\/05\/terrarica-contratos.jpeg\" alt=\"aq_block_10\" \/>\n\t\t\t\n\t\t\t\t\t\n\t\t<\/div>\n\t\t\n\t<\/div><div id=\"aq-block-116-11\" class=\"aq-block aq-block-aq_spacer_block col-sm-12 aq-first aq-last \">\t\t\n\t\t<div style=\"clear: both; width: 100%; height: 50px;\"><\/div>\n\t\n\t<\/div><\/div><\/div><\/section><a href=\"#\" id=\"cta\" class=\"in-page-link\"><\/a><section class=\"aq-block bg-primary\"><div class=\"container\"><div class=\"row\"><div id=\"aq-block-116-13\" class=\"aq-block aq-block-aq_spacer_block col-sm-12 aq-first aq-last \">\t\t\n\t\t<div style=\"clear: both; width: 100%; height: 25px;\"><\/div>\n\t\n\t<\/div><div id=\"aq-block-116-14\" class=\"aq-block aq-block-aq_section_title_block col-sm-12 aq-first aq-last \"><div class=\"lead text-center \"><h1>TEMOS O PLANO IDEAL PARA SUA NECESSIDADE<\/h1>\n<\/div><\/div><div id=\"aq-block-116-15\" class=\"aq-block aq-block-aq_spacer_block col-sm-12 aq-first aq-last \">\t\t\n\t\t<div style=\"clear: both; width: 100%; height: 10px;\"><\/div>\n\t\n\t<\/div><\/div><\/div><\/section><a href=\"#\" id=\"text-thirds\" class=\"in-page-link\"><\/a><section class=\"aq-block dark-wrapper\"><div class=\"container\"><div class=\"row\"><div id=\"aq-block-116-17\" class=\"aq-block aq-block-aq_spacer_block col-sm-12 aq-first aq-last \">\t\t\n\t\t<div style=\"clear: both; width: 100%; height: 50px;\"><\/div>\n\t\n\t<\/div><div id=\"aq-block-116-18\" class=\"aq-block aq-block-aq_image_block col-sm-6 aq-first \">\t\t\n\t\t<div class=\"text-center\">\n\t\t\n\t\t\t\t\t\t\n\t\t\t\t\t<img src=\"https:\/\/www.terrarica.net\/site\/wp-content\/uploads\/2021\/01\/Contrato-1.png\" alt=\"aq_block_18\" \/>\n\t\t\t\n\t\t\t\t\t\n\t\t<\/div>\n\t\t\n\t<\/div><div id=\"aq-block-116-19\" class=\"aq-block aq-block-aq_ebor_text_block col-sm-6  aq-last \"><div class=\"feature\"><h5><br><br>SUPORTE r\u00e1pido e eficiente<\/h5><h1>Ideal para voc\u00ea que exige respeito e faz quest\u00e3o de ser bem atendido. Feito por gente da sua cidade onde voc\u00ea sabe com quem esta falando. <br \/>Contamos com uma equipe t\u00e9cnica altamente especializada, para fornecer o melhor para voc\u00ea.<\/h1>\n<\/div><\/div><div id=\"aq-block-116-20\" class=\"aq-block aq-block-aq_spacer_block col-sm-12 aq-first aq-last \">\t\t\n\t\t<div style=\"clear: both; width: 100%; height: 50px;\"><\/div>\n\t\n\t<\/div><\/div><\/div><\/section><\/div>\n","protected":false},"excerpt":{"rendered":"Nos siga nas Redes Sociais: Servi\u00e7o de QUALIDADEIDEAL PARA VOC\u00ca que exige o melhor sem...","protected":false},"author":1,"featured_media":0,"parent":0,"menu_order":0,"comment_status":"open","ping_status":"open","template":"page_page_builder_full_width.php","meta":[],"_links":{"self":[{"href":"https:\/\/www.terrarica.net\/site\/wp-json\/wp\/v2\/pages\/105"}],"collection":[{"href":"https:\/\/www.terrarica.net\/site\/wp-json\/wp\/v2\/pages"}],"about":[{"href":"https:\/\/www.terrarica.net\/site\/wp-json\/wp\/v2\/types\/page"}],"author":[{"embeddable":true,"href":"https:\/\/www.terrarica.net\/site\/wp-json\/wp\/v2\/users\/1"}],"replies":[{"embeddable":true,"href":"https:\/\/www.terrarica.net\/site\/wp-json\/wp\/v2\/comments?post=105"}],"version-history":[{"count":4,"href":"https:\/\/www.terrarica.net\/site\/wp-json\/wp\/v2\/pages\/105\/revisions"}],"predecessor-version":[{"id":1008,"href":"https:\/\/www.terrarica.net\/site\/wp-json\/wp\/v2\/pages\/105\/revisions\/1008"}],"wp:attachment":[{"href":"https:\/\/www.terrarica.net\/site\/wp-json\/wp\/v2\/media?parent=105"}],"curies":[{"name":"wp","href":"https:\/\/api.w.org\/{rel}","templated":true}]}}